{"id":502,"date":"2018-06-04T10:45:39","date_gmt":"2018-06-04T10:45:39","guid":{"rendered":"http:\/\/tehnicna-plastika.com\/?page_id=502"},"modified":"2018-06-06T18:05:12","modified_gmt":"2018-06-06T18:05:12","slug":"piskotki-in-zasebnost","status":"publish","type":"page","link":"https:\/\/tehnicna-plastika.com\/index.php\/piskotki-in-zasebnost\/","title":{"rendered":"Pi\u0161kotki in zasebnost"},"content":{"rendered":"<div id=\"pl-502\"  class=\"panel-layout\" ><div id=\"pg-502-0\"  class=\"panel-grid panel-no-style\" ><div id=\"pgc-502-0-0\"  class=\"panel-grid-cell\" ><div id=\"panel-502-0-0-0\" class=\"widget_text so-panel widget widget_custom_html panel-first-child panel-last-child\" data-index=\"0\" ><div class=\"textwidget custom-html-widget\"><style>\n.accordion {\n    background-color: #eee;\n    color: #444;\n    cursor: pointer;\n    padding: 18px;\n    width: 100%;\n    border: none;\n    text-align: left;\n    outline: none;\n    font-size: 15px;\n    transition: 0.4s;\n}\n\n.active, .accordion:hover {\n    background-color: #ccc;\n}\n\n.accordion:after {\n    content: '\\002B';\n    color: #777;\n    font-weight: bold;\n    float: right;\n    margin-left: 5px;\n}\n\n.active:after {\n    content: \"\\2212\";\n}\n\n.panel {\n    padding: 0 18px;\n    background-color: white;\n    max-height: 0;\n    overflow: hidden;\n    transition: max-height 0.2s ease-out;\n}\n<\/style>\n<\/head>\n<body>\n\n\n<button class=\"accordion\">Politika varstva osebnih podatkov<\/button>\n<div class=\"panel\">\n<br \/>\n  <p>Podjetje POLITRIM D.O.O. spo\u0161tuje va\u0161o zasebnost in se zavezuje, da bo vse pridobljene osebne podatke  skrbno varoval in jih brez va\u0161e privolitve ne bo posredoval tretji osebi oziroma jih uporabil v druge namene, kot so vam bili v trenutku, ko ste izrecno privolili v obdelavo osebnih podatkov, znani. \nDa bi prepre\u010dili nepoobla\u0161\u010den dostop do pridobljenih podatkov ali njihovo razkritje, ohranili natan\u010dnost in to\u010dnost osebnih podatkov in zagotovili njihovo ustrezno uporabo, uporabljamo ustrezne tehni\u010dne in organizacijske postopke za zavarovanje podatkov, ki jih zbiramo.\n<br \/>\n<br \/>\nOsebni podatek je katerikoli podatek, ki se nana\u0161a na posameznika. Osebni podatek je tudi fotografija, na kateri je objavljen posameznik, zato je potrebno pri njihovi obdelavi prav tako upo\u0161tevati dolo\u010dbe Zakona o varovanju osebnih podatkov (v nadaljevanju ZVOP-1-UPB). Izjava o varstvu osebnih podatkov je namenjena varovanju osebnih podatkov uporabnikov spletne strani v skladu z ZVOP-1-UPB. Naklju\u010dni obiskovalci spletne strani  lahko brez vsakr\u0161nih obveznosti posredovanja svojih osebnih podatkov pregledujejo vsebine na tej spletni strani in jim ni potrebno odkriti svoje identitete ter osebnih podatkov.\n<br \/>\n<br \/>\nPri izvajanju storitev v okviru spletne strani izhajamo iz spo\u0161tovanja dolo\u010dil zakonodaje na podro\u010dju varstva osebnih podatkov.\n<br \/>\n<br \/>\nZakonodaja na podro\u010dju varstva osebnih podatkov,\" so vsi zakoni, ki se nana\u0161ajo na zbiranje, obdelavo, shranjevanje in uporabo osebnih podatkov na podro\u010dju dr\u017eave, v kateri je sede\u017e upravljavca, vklju\u010dno s Splo\u0161no uredbo o varstvu podatkov (2016\/679).  V skladu z dolo\u010dili zakonodaje in na temelju profesionalnega pristopa do izvajanja storitev upo\u0161tevamo naslednja na\u010dela.<\/p>\n\n\n<\/div>\n\n<button class=\"accordion\">Spo\u0161tovanje zasebnosti in dostojanstva uporabnika ali osebe<\/button>\n<div class=\"panel\">\n<br \/>  \n<p>\nVse podatke uporabnikov ne glede na obliko, obravnavamo z vso odgovornostjo, in uporabljamo v skladu z namenom spletne strani, zakonito in po\u0161teno.\n<\/p>\n<\/div>\n\n<button class=\"accordion\">Namen uporabe osebnih podatkov in drugih podatkov uporabnika<\/button>\n<div class=\"panel\">\n<br \/>\n  <p>Tako osebne podatke kot vse ostale podatke, ki jih pridobimo z namenom izvajanja storitev uporabljamo izklju\u010dno in samo z namenom uporabe za izvedbo storitev in poro\u010danje o dogodkih, novostih. Uporaba teh podatkov pomeni zbiranje, obdelavo, analizo, primerjavo in uporabo ter hranjenje teh podatkov z namenom izvedbe storitve. V okvir namena uporabe osebnih in drugih podatkov se vklju\u010duje uporaba teh podatkov z namenom komuniciranja, seznanjanja o spremembah in vseh ostalih informacijah, ki so lahko pomembne za samo kvaliteto izvedene storitve. Izjavljamo, da ne pridobivamo nobenih podatkov uporabnikov, ki ne bi bili v skladu z namenom, za katerega pridobivamo in uporabljamo osebne in druge podatke uporabnika. Njihova ustreznost z namenom uporabe podatkov se upo\u0161teva tako z vidika vsebine kot vidika obsega podatkov. Enako na\u010delo se upo\u0161teva za podatke pridobljene v zvezi z zaposlovanjem v podjetju POLITRIM D.O.O. ali izvajanjem teh storitev za zunanje naro\u010dnike. Uporaba podatkov v tem primeru pomeni zbiranje, obdelavo, uporabo in hrambo teh podatkov za namene vodenja evidence zaposlenih, oddaje obra\u010duna pla\u010d in prispevkov, oddaje obrazcev prijav, sprememb in odjav v zdravstvenem zavarovanju ter uporabo in posredovanje podatkov v vseh ostalih zakonsko predvidenih primerih.<\/p>\n<\/div>\n\n<button class=\"accordion\">Varnost osebnih in drugih podatkov uporabnika<\/button>\n<div class=\"panel\">\n<br \/>\n  <p>Osebni podatki in drugi podatki uporabnika so v \u010dasu uporabe ustrezno varovani s tehni\u010dnimi ukrepi v ra\u010dunalni\u0161kem omre\u017eju ter na spletni strani, kot tudi organizacijskimi ukrepi v podjetju.<\/p>\n<\/div>\n\n<button class=\"accordion\">Posredovanje osebnih in drugih podatkov uporabnika<\/button>\n<div class=\"panel\">\n<br \/>\n  <p>Nobenih podatkov uporabnika, tako osebnih podatkov kot tudi ostalih podatkov, ne posredujemo nikomur, ampak jih uporabljamo izklju\u010dno za doseganje namena, zaradi katerega smo jih pridobili. Prav tako ne uporabljamo osebnih in drugih podatkov z namenom tr\u017eenja svojih storitev ali potrebe lastne promocije.<\/p>\n<\/div>\n\n<button class=\"accordion\">Zavarovanje zbranih podatkov<\/button>\n<div class=\"panel\">\n<br \/>\n  <p>Zavarovanje osebnih podatkov poteka skladno z dolo\u010dili notranjega akta o zavarovanju osebnih podatkov. Podatki se hranijo v elektronski obliki na stre\u017eniku znotraj informacijskega sistema. Dostop do ra\u010dunalni\u0161kega sistema je mogo\u010d le preko posamezne ra\u010dunalni\u0161ke enote in preko osebnega gesla posameznika. Dostop do prostorov dru\u017ebe je ustrezno zavarovan.<\/p>\n<\/div>\n\n<button class=\"accordion\">Va\u0161e pravice<\/button>\n<div class=\"panel\">\n<br \/>\n  <p>Imamo obveznost, da obdelujemo osebne podatke le za namene za katere smo jih zbrali. Imate pravico, da nas glede tega kontrolirate. Kadarkoli lahko zahtevate od nas, da vam omogo\u010dimo vpogled v va\u0161e osebne podatke, ki jih obdelujemo,  posredujemo podatke (kopijo, izpis)  o obdelavi va\u0161ih osebnih podatkov ali zahtevate popravek, prepoved obdelave ali izbris va\u0161ih osebnih podatkov. Popravek, prepoved obdelave ali izbris va\u0161ih osebnih  podatkov lahko zahtevate s pomo\u010djo prilo\u017eenega obrazca (Zahteva za dopolnitev, popravek, blokiranje, izbris osebnih podatkov). Morebitna vpra\u0161anja ali zahtevke posredujte na elektronski naslov plastika\u00a7politrim.si ali nas pokli\u010dete na tel. 070\/333-777_.  Za varstvo va\u0161ih osebnih podatkov, ki se obdelujejo v podjetju POLITRIM D.O.O. je pristojna poobla\u0161\u010dena oseba: Uro\u0161 Bo\u017ei\u010d.\n<br \/>\n<br \/>\nV primeru, da z na\u0161im odzivom, povezanim z zahtevkom za vpogled, popravek, prepoved obdelave ali izbris podatkov niste zadovoljni oziroma menite, da so vam kr\u0161ene pravice do varstva osebnih podatkov, se lahko prito\u017eite nacionalnemu nadzornemu organu, na naslov: Republika Slovenija, Informacijski poobla\u0161\u010denec, Zalo\u0161ka 59, 1000 Ljubljana.\n\n\n\n<\/p>\n<\/div>\n\n\n\n\n\n\n\n\n\n\n\n<script>\nvar acc = document.getElementsByClassName(\"accordion\");\nvar i;\n\nfor (i = 0; i < acc.length; i++) {\n  acc[i].addEventListener(\"click\", function() {\n    this.classList.toggle(\"active\");\n    var panel = this.nextElementSibling;\n    if (panel.style.maxHeight){\n      panel.style.maxHeight = null;\n    } else {\n      panel.style.maxHeight = panel.scrollHeight + \"px\";\n    } \n  });\n}\n<\/script><\/div><\/div><\/div><\/div><div id=\"pg-502-1\"  class=\"panel-grid panel-no-style\" ><div id=\"pgc-502-1-0\"  class=\"panel-grid-cell\" ><div id=\"panel-502-1-0-0\" class=\"widget_text so-panel widget widget_custom_html panel-first-child panel-last-child\" data-index=\"1\" ><div class=\"textwidget custom-html-widget\"><hr>\n<b><label>Obvezni pi\u0161kotki za pravilno delovanje spletnega mesta tehnicna-plastika.com:<\/label><\/b>\n<br \/>\n\n<br \/>\n<table style=\"width:100%\">\n \t<tr>\n  <th>Ime<\/th>\n    <th>Opis pi\u0161kotka in njegov namen<\/th> \n    <th>Trajanje<\/th>\n\t\t<th>Lastnik<\/th>\n  <\/tr>\n  <tr>\n    <td>PHPSESSID<\/td>\n    <td>Bele\u017eenje kratkih sporo\u010dil, za nadaljno uporabo<\/td> \n    <td>Od za\u010detka, do konca obiska<\/td>\n\t\t<td>tehnicna-plastika.com<\/td>\n  <\/tr>\n  <tr>\n     <td>PH_HPXY_CHECK<\/td>\n    <td>Potreben za brskanje uporabnikov<\/td> \n    <td>Od za\u010detka, do konca obiska<\/td>\n\t\t<td>tehnicna-plastika.com<\/td>\n  <\/tr>\n\t<tr>\n     <td>wp-settings-1<\/td>\n    <td>Optimiziran prikaz in uporabo s strani skrbnika<\/td> \n    <td>1 leto<\/td>\n\t\t<td>tehnicna-plastika.com<\/td>\n  <\/tr>\n\t<tr>\n     <td>wp-settings-time-1<\/td>\n    <td>Omogo\u010da dostop do admin nadzorne plo\u0161\u010de<\/td> \n    <td>1 leto<\/td>\n\t\t<td>tehnicna-plastika.com<\/td>\n  <\/tr>\n<\/table>\n<\/div><\/div><\/div><\/div><div id=\"pg-502-2\"  class=\"panel-grid panel-no-style\" ><div id=\"pgc-502-2-0\"  class=\"panel-grid-cell\" ><div id=\"panel-502-2-0-0\" class=\"widget_text so-panel widget widget_custom_html panel-first-child panel-last-child\" data-index=\"2\" ><div class=\"textwidget custom-html-widget\"><hr>\n<b><label>Pi\u0161kotki spletne analize:<\/label><\/b>\n<br \/>\n<br \/>\n<table style=\"width:100%\">\n \t<tr>\n  <th>Ime<\/th>\n    <th>Opis pi\u0161kotka in njegov namen<\/th> \n  <\/tr>\n  <tr>\n    <td  style=\"width:10%\">_ga <\/td>\n    <td>Analiti\u010dni pi\u0161kotek. To naklju\u010dno ustvarjeno unikatno \u0161tevilo se uporablja za izra\u010dun podatkov o obisku na\u0161ega spletnega mesta.<\/td> \n  <\/tr>\n  <tr>\n     <td>_gat <\/td>\n    <td>Analiti\u010dni pi\u0161kotek. Pi\u0161kotek se uporablja za omejevanje pogostosti zadetkov. <\/td> \n  <\/tr>\n\t <tr>\n     <td>_gid <\/td>\n    <td>Analiti\u010dni pi\u0161kotek. Potreben za razlikovanje med uporabniki in sejami.<\/td> \n  <\/tr>\n<\/table>\n<hr>\n<\/div><\/div><\/div><\/div><div id=\"pg-502-3\"  class=\"panel-grid panel-no-style\" ><div id=\"pgc-502-3-0\"  class=\"panel-grid-cell\" ><div id=\"panel-502-3-0-0\" class=\"widget_text so-panel widget widget_custom_html panel-first-child panel-last-child\" data-index=\"3\" ><div class=\"textwidget custom-html-widget\"><p>\n\t\u010ce ne \u017eelite, da spletno mesto tehnicna-plastika.com uporablja zgoraj opredeljenih pi\u0161kotkov v namen spletne analize, kliknite spodnjo povezavo.\n<\/p>\n<a class=\"gaoo-opt-out google-analytics-opt-out\" href=\"javascript:gaoop_analytics_optout();\">Izbri\u0161i analiti\u010dne pi\u0161kotke<\/a>\n<br \/>\n<br \/><\/div><\/div><\/div><\/div><\/div>","protected":false},"excerpt":{"rendered":"<p>Politika varstva osebnih podatkov Podjetje POLITRIM D.O.O. spo\u0161tuje va\u0161o zasebnost in se zavezuje, da bo vse pridobljene osebne podatke skrbno varoval in jih brez va\u0161e privolitve ne bo posredoval tretji osebi oziroma jih uporabil v druge namene, kot so vam bili v trenutku, ko ste izrecno privolili v obdelavo osebnih podatkov, znani. Da bi prepre\u010dili <a class=\"moretag\" href=\"https:\/\/tehnicna-plastika.com\/index.php\/piskotki-in-zasebnost\/\">Read More &#8230;<\/a><\/p>\n","protected":false},"author":1,"featured_media":0,"parent":0,"menu_order":0,"comment_status":"closed","ping_status":"closed","template":"full-width-page.php","meta":{"footnotes":""},"class_list":["post-502","page","type-page","status-publish","hentry"],"_links":{"self":[{"href":"https:\/\/tehnicna-plastika.com\/index.php\/wp-json\/wp\/v2\/pages\/502","targetHints":{"allow":["GET"]}}],"collection":[{"href":"https:\/\/tehnicna-plastika.com\/index.php\/wp-json\/wp\/v2\/pages"}],"about":[{"href":"https:\/\/tehnicna-plastika.com\/index.php\/wp-json\/wp\/v2\/types\/page"}],"author":[{"embeddable":true,"href":"https:\/\/tehnicna-plastika.com\/index.php\/wp-json\/wp\/v2\/users\/1"}],"replies":[{"embeddable":true,"href":"https:\/\/tehnicna-plastika.com\/index.php\/wp-json\/wp\/v2\/comments?post=502"}],"version-history":[{"count":31,"href":"https:\/\/tehnicna-plastika.com\/index.php\/wp-json\/wp\/v2\/pages\/502\/revisions"}],"predecessor-version":[{"id":533,"href":"https:\/\/tehnicna-plastika.com\/index.php\/wp-json\/wp\/v2\/pages\/502\/revisions\/533"}],"wp:attachment":[{"href":"https:\/\/tehnicna-plastika.com\/index.php\/wp-json\/wp\/v2\/media?parent=502"}],"curies":[{"name":"wp","href":"https:\/\/api.w.org\/{rel}","templated":true}]}}