{"id":561,"date":"2020-06-15T08:24:28","date_gmt":"2020-06-15T08:24:28","guid":{"rendered":"https:\/\/tehnicna-plastika.com\/?page_id=561"},"modified":"2024-06-20T13:23:54","modified_gmt":"2024-06-20T13:23:54","slug":"pogoji-poslovanja","status":"publish","type":"page","link":"https:\/\/tehnicna-plastika.com\/index.php\/pogoji-poslovanja\/","title":{"rendered":"POGOJI POSLOVANJA"},"content":{"rendered":"\n<p style=\"text-align: justify\" class=\"has-text-align-left\">Na\u0161i splo\u0161ni pogoji poslovanja izhajajo iz fizikalnih lastnosti tehni\u010dne plastike (polimerov), zakonskih regulativ ter natan\u010dno opredeljujejo poslovni odnos med na\u0161im podjetjem kot ponudnikom in vami kot na\u0161im cenjenim kupcem. S tem, ko oddate naro\u010dilo, potrjujete, da ste seznanjeni in se strinjate s trenutno veljavnimi splo\u0161nimi pogoji poslovanja. Va\u0161e zaupanje in zadovoljstvo sta klju\u010dnega pomena za nas, zato si prizadevamo zagotavljati visoko kakovost in transparentnost v vseh vidikih na\u0161ega poslovanja.<\/p>\n\n\n\n<p style=\"text-align: justify\">Na\u0161e materiale odlikujejo temeljne zakonitosti, zbrane v tem razdelku kot informativne smernice, ki temeljijo na na\u0161ih najnovej\u0161ih spoznanjih in razumevanju polimernih materialov. Kot podjetje Politrim, d.o.o., ne moremo zagotoviti absolutne to\u010dnosti ali popolnosti teh informacij. Uporabnikom svetujemo previdno uporabo materialov ob upo\u0161tevanju njihovih specifi\u010dnih zahtev. Na\u0161e znanje o materialih in tehnologijah se nenehno izpopolnjuje skozi sodelovanje z razli\u010dnimi znanstvenimi in\u0161titucijami ter \u0161tudenti. Poudarjamo pomen konstruktivnega dialoga med akademsko sfero in gospodarstvom, kar je klju\u010dno na\u010delo na\u0161ega podjetja.<\/p>\n\n\n\n<hr style=\"margin:30px 0;\" class=\"wp-block-separator\">\n\n\n\n<h2 class=\"wp-block-heading\">FIZIKA<\/h2>\n\n\n\n<p><strong>1) Nizke temperature<\/strong><\/p>\n\n\n\n<p style=\"text-align: justify\">Pri nizkih temperaturah plasti\u010dni materiali postanejo krhki zaradi svoje kemijske strukture. Postanejo trdi, manj elasti\u010dni in bolj ob\u010dutljivi na udarce, \u0161e posebej strojno obdelani kosi, ki so lahko pri nizkih temperaturah bolj dovzetni za lom ob prekomerni obremenitvi. Zato je pomembno, da te izdelke nikoli ne me\u010demo, ne tresemo ali prekomerno obremenjujemo.<\/p>\n\n\n\n<p><strong>2) Klimatski pogoji<\/strong><\/p>\n\n\n\n<p style=\"text-align: justify\">Son\u010dno sevanje in vlaga lahko znatno vplivata na mehanske lastnosti plastike, kar lahko privede do nepovratnih negativnih sprememb. Neposredna izpostavljenost son\u010dnemu sevanju lahko povzro\u010di oksidacijo ali pobledelost povr\u0161ine materiala, \u0161e posebej, \u010de material ni za\u0161\u010diten z UV dodatki. Poleg tega lahko vlaga prodre v material in povzro\u010di dodatne spremembe. Neposredna izpostavljenost son\u010dnemu sevanju ali enostransko segrevanje lahko privede do trajnih deformacij in valovitosti zaradi termi\u010dne ekspanzije in sprostitve notranjih napetosti. Zato je priporo\u010dljivo, da strojno obdelane kose nikoli ne shranjujete zunaj. Za\u010dasno lahko zunaj shranjujete le polizdelke v obliki palic, cevi in plo\u0161\u010d.<\/p>\n<p style=\"text-align: justify\">Ekstrudirani poliamidni polizdelki, kot so plo\u0161\u010de, palice in cevi, imajo sposobnost absorbiranja vlage, \u0161e posebej v pogojih visoke relativne vla\u017enosti. Absorpcija vlage lahko povzro\u010di dimenzijske spremembe in upogibanje, kar je fizikalno-kemi\u010dna lastnost materiala in je ne moremo popolnoma nadzorovati med proizvodnjo. Zato priporo\u010damo, da material porabite pravo\u010dasno in ga ne izpostavljate dolgotrajno visoki vlagi.<\/p>\n<p style=\"text-align: justify\">Na povr\u0161ini polizdelkov so lahko vidne sledi proizvodnje, saj na\u0161i polizdelki niso namenjeni dekoraciji, temve\u010d strojni obdelavi. Za dodatne informacije se lahko sklicujete na standard DIN EN 15860. \u010ce navedeno vpliva na va\u0161o aplikacijo, vas vabimo, da nas kontaktirate.<\/p>\n\n\n\n<p><strong>3) Povr\u0161ina plastike<\/strong><\/p>\n\n\n\n<p><\/p>\n\n\n\n<p style=\"text-align: justify\">Tehni\u010dna plastika oziroma konstrukcijska plastika je material, ki je namenjen strojni obdelavi z odvzemom materiala. \u010ce kupec zahteva brezhibno povr\u0161ino na\u0161ih polizdelkov (palic, plo\u0161\u010d ali cevi), nam to sporo\u010dite, mi pa vam bomo ponudili re\u0161itev, \u010de je to izvedljivo za dani material. Na primer, plo\u0161\u010de iz akrilnega stekla (pleksi, PMMA) in polikarbonata (PC) \u017ee v osnovi pridejo za\u0161\u010ditene s folijo. Za druge vrste plastik preverimo mo\u017enost dobave s folijo za dodatno za\u0161\u010dito povr\u0161ine.<\/p>\n\n\n\n<p><strong>4) Kontakt s kemikalijami, topili, olji in mazivi<\/strong><\/p>\n\n\n\n<p style=\"text-align: justify\">Razli\u010dni plasti\u010dni materiali imajo razli\u010dno odpornost na stik s substancami, kot so kemikalije, topila, olja in maziva. Neposreden stik s temi substancami lahko povzro\u010di motnost povr\u0161ine, nabrekanje, lokalno razgradnjo ali trajno po\u0161kodbo materiala, kar lahko vpliva tudi na mehanske lastnosti. Zato je klju\u010dnega pomena, da te substance hranite lo\u010deno od plasti\u010dnih materialov. V na\u0161em podjetju vam lahko za dolo\u010deno substanco in izbrani material zagotovimo ekspertizo, ki opredeli odpornost ali ob\u010dutljivost izbranega plasti\u010dnega materiala na doti\u010dno substanco.<\/p>\n\n\n\n<p><strong>5) Temperaturna nihanja<\/strong><\/p>\n\n\n\n<p style=\"text-align: justify\">Pri plasti\u010dnih materialih, katerih dimenzije se raztezajo ali kr\u010dijo zaradi temperaturnih sprememb, je klju\u010dnega pomena poznavanje koeficienta linearnega raztezka. Pri ve\u010djih temperaturnih razlikah lahko pride do pomembnih dimenzijskih odstopanj. Zato je kontrola dimenzij ob nihanjih temperature obdelovanca omejena, razen \u010de je kos dobavljen pri stabilni temperaturi okoli 20 \u00b1 1 \u00b0C. Za natan\u010dne meritve je treba kos predhodno klimatizirati na to temperaturo, kar zagotovi, da se material stabilizira. Obstajajo matemati\u010dne ena\u010dbe, s katerimi lahko izra\u010dunamo potreben \u010das klimatizacije za popolno stabilizacijo materiala.<\/p>\n\n\n\n<p><strong>6) Zaostale napetosti<\/strong><\/p>\n\n\n\n<p style=\"text-align: justify\">Tudi toplotno spro\u0161\u010danje med proizvodnim procesom ne more popolnoma odpraviti zaostalih napetosti, ki ostanejo v plasti\u010dnem materialu in posledi\u010dno v izdelku zaradi proizvodnih procesov. Te napetosti se lahko postopoma spro\u0161\u010dajo ob temperaturnih nihanjih in son\u010dnem sevanju. Poliamidi, na primer, lahko pove\u010dajo svoj volumen pod vplivom vremenskih razmer, \u0161e posebej vlage, saj so zelo higroskopi\u010dni in lahko absorbirajo vlago, kar vpliva na njihove mehanske lastnosti. Tako relaksacija napetosti kot tudi absorpcija vlage lahko povzro\u010dita dimenzijske spremembe in zvijanje plasti\u010dnega materiala ter izdelkov.<\/p>\n\n<p style=\"text-align: justify\">Kljub obvladovanju proizvodnega procesa ne moremo zagotoviti trajne dimenzijske stabilnosti in prepre\u010diti deformacij obdelanih kosov zaradi teh fizikalnih lastnosti polimernih materialov (plastik). Zaostale napetosti so lahko nehomogeno porazdeljene znotraj istega polizdelka, kar pomeni, da se lahko razli\u010dni deli istega polizdelka obna\u0161ajo razli\u010dno pri strojni obdelavi. Ta izziv se lahko re\u0161uje \u017ee v fazi izbire materiala, ustrezne dimenzije polizdelka, pravilne konstrukcije izdelka prilagojene plastikam ter procesnih nastavitev strojne obdelave.<\/p>\n\n\n\n<p><strong>7) Sevanje in gorljivost<\/strong><\/p>\n\n\n\n<p style=\"text-align: justify\">Plasti\u010dne materiale ne izpostavljamo energijskemu sevanju, kot so rentgenski \u017earki, saj niso vsi tipi plastik odporni na tovrstno sevanje.&nbsp;&nbsp;<\/p>\n\n\n\n<p style=\"text-align: justify\">Na\u0161a tehni\u010dna plastika sama po sebi ne predstavlja visoke po\u017earne ogro\u017eenosti. Vendar pa nekateri tipi plastik so gorljivi, zato vas prosimo, da jih hranite v skladu z veljavnimi zakonskimi predpisi in priporo\u010dili dobre prakse.<\/p>\n\n\n\n<p><strong>8) Poroznost<\/strong><\/p>\n\n\n\n<p style=\"text-align: justify\">Dolo\u010deni tipi materialov lahko ka\u017eejo mikro poroznost na nivoju mikrostrukture, kar je posledica procesa ohlajanja med ekstruzijo. Pri tem se zunanjost polizdelka ohlaja hitreje kot centralni del materiala, kar lahko vodi v mikro poroznost v notranjem delu materiala zaradi kr\u010denja in posledi\u010dne izgube volumna. Ta fenomen je zna\u010dilen predvsem za material POM H, medtem ko je pri POM C ta pojav manj izrazit. Standardni POM C lahko ka\u017ee mikro poroznost, vendar to ni obvezno karakterizirano na tehni\u010dnem listu materiala in se med proizvodnjo ne meri.<\/p>\n\n<p style=\"text-align: justify\">\u010ce kon\u010dni izdelek zahteva popolno odsotnost mikro poroznosti, je potrebno to zahtevo jasno opredeliti \u017ee v fazi povpra\u0161evanja. Obstajajo posebni materiali in proizvodni postopki, kot je uporaba fotometrije med ekstruzijskim procesom in t. i. dye penetrant testi, ki omogo\u010dajo nadzor in odstranitev mikro poroznosti iz materiala. Ti materiali niso del standardnega nabora polimernih materialov in so na voljo le po posebnem povpra\u0161evanju.<\/p>\n\n\n\n<p><strong>9) Oja\u010dani materiali<\/strong><\/p>\n\n\n\n<p style=\"text-align: justify\">Na\u0161i oja\u010dani materiali, kot so PA66 GF30 (30% steklenih vlaken), modificirani PEEK, PEEK GF30, PEEK s 30 % ogljikovih vlaken (carbon fibre), PEEK s 20% keramike, PEI GF30, PPS GF40, ter neoja\u010dani materiali, kot so PET, udarno modificiran PET HI, in PPS, zahtevajo predgrevanje pred rezanjem ali vrtanjem. To velja za palice z premerom 80 mm in ve\u010d ter plo\u0161\u010de z debelino 50 mm in ve\u010d. Temperatura predgrevanja mora biti med 90 \u00b0C in 120 \u00b0C, pri \u010demer se ohlajanje izvaja s hitrostjo 10 \u00b0C na uro. Vsi drugi materiali morajo imeti pred strojno obdelavo temperaturo okolice. Oja\u010dani materiali se obdelujejo z diamantnimi orodji, ki poleg ostalih prednosti omogo\u010dajo tudi izjemno natan\u010dno obdelavo robov.<\/p>\n\n\n\n<p><strong>10) Skladi\u0161\u010denje<\/strong><\/p>\n\n\n\n<p style=\"text-align: justify\">Za dolgoro\u010dno optimalno skladi\u0161\u010denje plastike priporo\u010damo uporabo kartonske \u0161katle pri konstantni sobni temperaturi (23 \u00b0C) in relativni vlagi 50 %. Pri skladi\u0161\u010denju se izogibajte previsokim obremenitvam, kot so skladi\u0161\u010denje v vi\u0161ino ali pritisk na povr\u0161ino materiala. S tem zmanj\u0161ate mo\u017enost dimenzijskih deformacij in ohranite funkcionalnost materiala.<\/p>\n\n\n\n<p style=\"text-align: justify\">Ker nimamo natan\u010dnih informacij o pogojih skladi\u0161\u010denja pri kupcu in zato ne moremo nadzorovati teh pogojev, reklamacije zaradi dimenzijskih odstopanj in deformacij (kot je navedeno v poglavjih 2 in 6) sprejemamo izklju\u010dno v 14 dneh po dobavi.&nbsp;<\/p>\n\n\n\n<hr style=\"margin:30px 0;\" class=\"wp-block-separator\">\n\n\n\n<h2 class=\"wp-block-heading\">POSLOVANJE<\/h2>\n\n\n\n<p><strong>1) Varstvo osebnih podatkov<\/strong><\/p>\n\n\n\n<p style=\"text-align: justify\">Ponudnik se zavezuje k trajnemu varovanju vseh osebnih podatkov kupca. Podatki bodo uporabljeni izklju\u010dno za potrebe komunikacije in izpolnitve naro\u010dila. Kup\u010devi podatki nikoli ne bodo posredovani tretjim osebam. Vsi podatki bodo obravnavani zaupno in uporabljeni zgolj za namen, zaradi katerega so bili posredovani. Dostavni slu\u017ebi (npr. Po\u0161ta Slovenije, DPD, GLS, UPS, S\u017d in drugim) bomo zaupali le potrebne podatke za dostavo naro\u010denih izdelkov ali materiala (podatki o prejemniku in naslov za dostavo). Zbiramo naslednje uporabnikove podatke: ime, priimek ali ime podjetja, naslov za dostavo, naslov podjetja, telefonsko \u0161tevilko in elektronski naslov. Z nakupom sogla\u0161ate, da va\u0161e podatke interno shranimo in uporabljamo izklju\u010dno za namene internega arhiva, statistike in komunikacije v zvezi z izvedbo naro\u010dila ali predstavitvijo novosti.<\/p>\n\n\n\n<p><strong>2) Politika uporabe pi\u0161kotkov in pi\u0161kotki<\/strong><\/p>\n\n\n\n<p style=\"text-align: justify\">Na\u0161a spletna stran uporablja pi\u0161kotke za izbolj\u0161anje uporabni\u0161ke izku\u0161nje in spremljanje statistike obiskov. Obiskoval\u010devi podatki, kot so IP naslov, datum, \u010das, naslov obiskane strani in referen\u010dna stran, se ob obisku shranijo na stre\u017enik. Ti podatki so anonimni in se uporabljajo izklju\u010dno za analizo obiskov spletnega mesta, ki jo omogo\u010da orodje Google Analytics. Obiskovalci so obve\u0161\u010deni o uporabi pi\u0161kotkov ob prvem obisku in za dolo\u010dene pi\u0161kotke prosimo obiskovalce za privolitev. Obiskovalec lahko kadarkoli spremeni svojo odlo\u010ditev glede uporabe pi\u0161kotkov na na\u0161i spletni strani. Na\u0161a spletna stran ne posreduje pi\u0161kotkov tretjim osebam in jih ne uporablja za prikazovanje reklamnih sporo\u010dil.<\/p>\n\n\n\n<p style=\"text-align: justify\">Pi\u0161kotki so datoteke, ki jih obiskana spletna stran nalo\u017ei v va\u0161 spletni brskalnik. Dolo\u010deni pi\u0161kotki so nujno potrebni za delovanje spletne strani. Pi\u0161kotki ne vsebujejo nobenih osebnih ali drugih podatkov, ki bi jih lahko uporabili za identifikacijo uporabnika. Zato priporo\u010damo, da v njihovo uporabo privolite. Ve\u010dina spletnih brskalnikov samodejno sprejme pi\u0161kotke, ki pa se po poteku veljavnosti samodejno izbri\u0161ejo. Uporabnik lahko vse pi\u0161kotke ali pi\u0161kotke za posamezno spletno stran izbri\u0161e tudi ro\u010dno. Mo\u017eno je tudi popolnoma onemogo\u010diti uporabo pi\u0161kotkov v brskalniku, vendar to lahko povzro\u010di, da nekatere funkcije spletne strani ne bodo delovale ustrezno.<\/p>\n\n\n\n<p><strong>3) Pravno obvestilo<\/strong><\/p>\n\n\n\n<p style=\"text-align: justify\">Spletno stran lastni in upravlja podjetje Politrim, d. o. o. Vsebine na tej spletni strani so last podjetja Politrim, d. o. o. in se lahko uporabljajo izklju\u010dno za nekomercialne namene ob ohranitvi vseh navedenih opozoril o avtorskih pravicah. Prepisovanje, razmno\u017eevanje ali distribucija vsebin brez dovoljenja podjetja Politrim, d. o. o., ni dovoljena. Kljub na\u0161im prizadevanjem za popolno to\u010dnost in zanesljivost vseh objavljenih informacij, ne moremo zagotavljati, da so vse informacije vedno popolnoma to\u010dne. Zavezujemo se, da bomo resno obravnavali vsa opozorila in popravili morebitne napake. Podjetje Politrim, d. o. o., ne prevzema odgovornosti za morebitne posledice, ki bi nastale zaradi uporabe spletnih informacij. Pridr\u017eujemo si pravico do dnevnih sprememb vsebin in popravkov morebitnih napak v besedilu.<\/p>\n\n\n\n<p style=\"text-align: justify\"><strong>Z nakupom na\u0161ega materiala kupec potrjuje, da sprejema zgoraj opisane pogoje in zakonitosti in se z njimi strinja.<\/strong><\/p>\n\n\n\n<div class=\"margin-bottom: 60px;\">&nbsp;<\/div>\n","protected":false},"excerpt":{"rendered":"<p>Na\u0161i splo\u0161ni pogoji poslovanja izhajajo iz fizikalnih lastnosti tehni\u010dne plastike (polimerov), zakonskih regulativ ter natan\u010dno opredeljujejo poslovni odnos med na\u0161im podjetjem kot ponudnikom in vami kot na\u0161im cenjenim kupcem. S tem, ko oddate naro\u010dilo, potrjujete, da ste seznanjeni in se strinjate s trenutno veljavnimi splo\u0161nimi pogoji poslovanja. Va\u0161e zaupanje in zadovoljstvo sta klju\u010dnega pomena za <a class=\"moretag\" href=\"https:\/\/tehnicna-plastika.com\/index.php\/pogoji-poslovanja\/\">Read More &#8230;<\/a><\/p>\n","protected":false},"author":1,"featured_media":0,"parent":0,"menu_order":0,"comment_status":"closed","ping_status":"closed","template":"full-width-page.php","meta":{"footnotes":""},"class_list":["post-561","page","type-page","status-publish","hentry"],"_links":{"self":[{"href":"https:\/\/tehnicna-plastika.com\/index.php\/wp-json\/wp\/v2\/pages\/561","targetHints":{"allow":["GET"]}}],"collection":[{"href":"https:\/\/tehnicna-plastika.com\/index.php\/wp-json\/wp\/v2\/pages"}],"about":[{"href":"https:\/\/tehnicna-plastika.com\/index.php\/wp-json\/wp\/v2\/types\/page"}],"author":[{"embeddable":true,"href":"https:\/\/tehnicna-plastika.com\/index.php\/wp-json\/wp\/v2\/users\/1"}],"replies":[{"embeddable":true,"href":"https:\/\/tehnicna-plastika.com\/index.php\/wp-json\/wp\/v2\/comments?post=561"}],"version-history":[{"count":24,"href":"https:\/\/tehnicna-plastika.com\/index.php\/wp-json\/wp\/v2\/pages\/561\/revisions"}],"predecessor-version":[{"id":751,"href":"https:\/\/tehnicna-plastika.com\/index.php\/wp-json\/wp\/v2\/pages\/561\/revisions\/751"}],"wp:attachment":[{"href":"https:\/\/tehnicna-plastika.com\/index.php\/wp-json\/wp\/v2\/media?parent=561"}],"curies":[{"name":"wp","href":"https:\/\/api.w.org\/{rel}","templated":true}]}}