{"id":6,"date":"2015-07-24T13:10:20","date_gmt":"2015-07-24T13:10:20","guid":{"rendered":"http:\/\/tehnicna-plastika.com\/?page_id=6"},"modified":"2023-04-19T09:19:03","modified_gmt":"2023-04-19T09:19:03","slug":"domov","status":"publish","type":"page","link":"https:\/\/tehnicna-plastika.com\/","title":{"rendered":"Domov"},"content":{"rendered":"<div id=\"pl-6\"  class=\"panel-layout\" ><div id=\"pg-6-0\"  class=\"panel-grid panel-has-style\" ><div class=\"siteorigin-panels-stretch panel-row-style panel-row-style-for-6-0\" data-stretch-type=\"full\" ><div id=\"pgc-6-0-0\"  class=\"panel-grid-cell\" ><div id=\"panel-6-0-0-0\" class=\"so-panel widget widget_black-studio-tinymce widget_black_studio_tinymce panel-first-child panel-last-child\" data-index=\"0\" ><div class=\"textwidget\"><p style=\"text-align: justify;\"><span class=\"\" style=\"display:block;clear:both;height: 0px;padding-top: 20px;border-top-width:0px;border-bottom-width:0px;\"><\/span><\/p>\n<pre style=\"text-align: center;\"><span class=\"home-headline\">TEHNI\u010cNA PLASTIKA POLITRIM<\/span>\n<span class=\"home-sub\">Prodajamo tehni\u010dno plastiko in tekstolite<\/span>\n<a class=\"button lightblue primary-button\" href=\"\/index.php\/plastika\">Tehni\u010dna plastika<\/a> <a class=\"button darkblue secondary-button\" href=\"https:\/\/tehnicna-plastika.com\/index.php\/laminati\/\">Tekstoliti<\/a><\/pre>\n<p><span class=\"\" style=\"display:block;clear:both;height: 0px;padding-top: 400px;border-top-width:0px;border-bottom-width:0px;\"><\/span><\/p>\n<\/div><\/div><\/div><\/div><\/div><div id=\"pg-6-1\"  class=\"panel-grid panel-no-style\" ><div id=\"pgc-6-1-0\"  class=\"panel-grid-cell\" ><div id=\"panel-6-1-0-0\" class=\"so-panel widget widget_black-studio-tinymce widget_black_studio_tinymce panel-first-child panel-last-child\" data-index=\"1\" ><div class=\"textwidget\"><p><img loading=\"lazy\" decoding=\"async\" class=\" size-full wp-image-142 aligncenter\" src=\"http:\/\/tehnicna-plastika.com\/wp-content\/uploads\/2015\/07\/Drawing-4.png\" alt=\"Drawing (4)\" width=\"209\" height=\"209\" srcset=\"https:\/\/tehnicna-plastika.com\/wp-content\/uploads\/2015\/07\/Drawing-4.png 209w, https:\/\/tehnicna-plastika.com\/wp-content\/uploads\/2015\/07\/Drawing-4-150x150.png 150w\" sizes=\"auto, (max-width: 209px) 100vw, 209px\" \/><\/p>\n<h2 style=\"text-align: center;\">Plastika in tekstoliti<\/h2>\n<p style=\"text-align: center;\">ABS, PPE, PET, PC, POM, PTFE, PP, PVC, PMMA (Pleksi), PA, PP-HT, PE (HDPE, HMWPE, UHMWPE oz. PE300, PE500, PE1000), PEEK, PPSU, PEI, PPS, PVDF, PUR, Tekstolit, Pertinaks, G10, G11 ter \u0161tevilne izpeljanke osnovnih materialov s polnili (steklo, karbon, MoS2 in ostali).<\/p>\n<p><a class=\"button lightblue primary-button\" href=\"\/index.php\/plastika\">Tehni\u010dna plastika<\/a> <a class=\"button darkblue secondary-button\" href=\"\/index.php\/tekstoliti\">Tekstoliti<\/a><\/pre>\n<\/div><\/div><\/div><div id=\"pgc-6-1-1\"  class=\"panel-grid-cell\" ><div id=\"panel-6-1-1-0\" class=\"so-panel widget widget_black-studio-tinymce widget_black_studio_tinymce panel-first-child panel-last-child\" data-index=\"2\" ><div class=\"textwidget\"><p><a href=\"http:\/\/tehnicna-plastika.com\/wp-content\/uploads\/2015\/07\/o-nas-tehni\u010dna-plastika-politrim.png\"><img loading=\"lazy\" decoding=\"async\" class=\" size-full wp-image-140 aligncenter\" src=\"http:\/\/tehnicna-plastika.com\/wp-content\/uploads\/2015\/07\/o-nas-tehni\u010dna-plastika-politrim.png\" alt=\"o nas tehni\u010dna plastika politrim\" width=\"209\" height=\"209\" srcset=\"https:\/\/tehnicna-plastika.com\/wp-content\/uploads\/2015\/07\/o-nas-tehni\u010dna-plastika-politrim.png 209w, https:\/\/tehnicna-plastika.com\/wp-content\/uploads\/2015\/07\/o-nas-tehni\u010dna-plastika-politrim-150x150.png 150w\" sizes=\"auto, (max-width: 209px) 100vw, 209px\" \/><\/a><\/p>\n<h2 style=\"text-align: center;\">O nas<\/h2>\n<p style=\"text-align: center;\">Podjetje Politrim d.o.o. tr\u017ei tehni\u010dno plastiko in laminate. Zagotavljamo ustrezno kakovost ter profesionalni pristop.<\/p>\n<p style=\"text-align: center;\"><a class=\"button primary-button\" href=\"\/index.php\/o-nas-2\">O nas<\/a><\/p>\n<\/div><\/div><\/div><div id=\"pgc-6-1-2\"  class=\"panel-grid-cell\" ><div id=\"panel-6-1-2-0\" class=\"so-panel widget widget_black-studio-tinymce widget_black_studio_tinymce panel-first-child panel-last-child\" data-index=\"3\" ><div class=\"textwidget\"><p><img loading=\"lazy\" decoding=\"async\" class=\" size-full wp-image-135 aligncenter\" src=\"http:\/\/tehnicna-plastika.com\/wp-content\/uploads\/2015\/07\/Drawing-1.png\" alt=\"kontakt tehni\u010dna plastika\" width=\"209\" height=\"209\" srcset=\"https:\/\/tehnicna-plastika.com\/wp-content\/uploads\/2015\/07\/Drawing-1.png 209w, https:\/\/tehnicna-plastika.com\/wp-content\/uploads\/2015\/07\/Drawing-1-150x150.png 150w\" sizes=\"auto, (max-width: 209px) 100vw, 209px\" \/><\/p>\n<h2 style=\"text-align: center;\">Kontakt<\/h2>\n<p style=\"text-align: center;\">Politrim d.o.o., Krka 56e, 8000 Novo mesto, Slovenija<\/p>\n<p style=\"text-align: center;\"><strong>Proizvodnja \/ odpreme \/ dobave<\/strong> : Politrim d.o.o., Smolenja vas 11d, 8000 Nm<\/p>\n<p style=\"text-align: center;\">Tel. &amp; mail: <strong>070.333.777<\/strong> ali <strong>031.311.120<\/strong>, \u00a0plastika(afna)politrim(pika)si<\/p>\n<p style=\"text-align: center;\"><a class=\"button primary-button\" href=\"\/index.php\/o-nas\">Kontakt<\/a><\/p>\n<\/div><\/div><\/div><\/div><div id=\"pg-6-2\"  class=\"panel-grid panel-no-style\" ><div id=\"pgc-6-2-0\"  class=\"panel-grid-cell\" ><div id=\"panel-6-2-0-0\" class=\"so-panel widget widget_black-studio-tinymce widget_black_studio_tinymce panel-first-child panel-last-child\" data-index=\"4\" ><div class=\"textwidget\"><h2 style=\"text-align: center;\">Politrim materiali, podpora industriji.<\/h2>\n<\/div><\/div><\/div><\/div><\/div>","protected":false},"excerpt":{"rendered":"<p>TEHNI\u010cNA PLASTIKA POLITRIM Prodajamo tehni\u010dno plastiko in tekstolite Tehni\u010dna plastika Tekstoliti Plastika in tekstoliti ABS, PPE, PET, PC, POM, PTFE, PP, PVC, PMMA (Pleksi), PA, PP-HT, PE (HDPE, HMWPE, UHMWPE oz. PE300, PE500, PE1000), PEEK, PPSU, PEI, PPS, PVDF, PUR, Tekstolit, Pertinaks, G10, G11 ter \u0161tevilne izpeljanke osnovnih materialov s polnili (steklo, karbon, MoS2 in <a class=\"moretag\" href=\"https:\/\/tehnicna-plastika.com\/\">Read More &#8230;<\/a><\/p>\n","protected":false},"author":1,"featured_media":0,"parent":0,"menu_order":0,"comment_status":"closed","ping_status":"open","template":"full-width-page.php","meta":{"footnotes":""},"class_list":["post-6","page","type-page","status-publish","hentry"],"_links":{"self":[{"href":"https:\/\/tehnicna-plastika.com\/index.php\/wp-json\/wp\/v2\/pages\/6","targetHints":{"allow":["GET"]}}],"collection":[{"href":"https:\/\/tehnicna-plastika.com\/index.php\/wp-json\/wp\/v2\/pages"}],"about":[{"href":"https:\/\/tehnicna-plastika.com\/index.php\/wp-json\/wp\/v2\/types\/page"}],"author":[{"embeddable":true,"href":"https:\/\/tehnicna-plastika.com\/index.php\/wp-json\/wp\/v2\/users\/1"}],"replies":[{"embeddable":true,"href":"https:\/\/tehnicna-plastika.com\/index.php\/wp-json\/wp\/v2\/comments?post=6"}],"version-history":[{"count":111,"href":"https:\/\/tehnicna-plastika.com\/index.php\/wp-json\/wp\/v2\/pages\/6\/revisions"}],"predecessor-version":[{"id":648,"href":"https:\/\/tehnicna-plastika.com\/index.php\/wp-json\/wp\/v2\/pages\/6\/revisions\/648"}],"wp:attachment":[{"href":"https:\/\/tehnicna-plastika.com\/index.php\/wp-json\/wp\/v2\/media?parent=6"}],"curies":[{"name":"wp","href":"https:\/\/api.w.org\/{rel}","templated":true}]}}