{"id":649,"date":"2023-04-24T06:33:11","date_gmt":"2023-04-24T06:33:11","guid":{"rendered":"https:\/\/tehnicna-plastika.com\/?page_id=649"},"modified":"2024-06-20T13:06:16","modified_gmt":"2024-06-20T13:06:16","slug":"poliuretan","status":"publish","type":"page","link":"https:\/\/tehnicna-plastika.com\/index.php\/poliuretan\/","title":{"rendered":"Poliuretani PU"},"content":{"rendered":"<div id=\"pl-gb649-69e00e986cf73\"  class=\"panel-layout wp-block-siteorigin-panels-layout-block\" ><div id=\"pg-gb649-69e00e986cf73-0\"  class=\"panel-grid panel-no-style\" ><div id=\"pgc-gb649-69e00e986cf73-0-0\"  class=\"panel-grid-cell panel-grid-cell-empty\" ><\/div><div id=\"pgc-gb649-69e00e986cf73-0-1\"  class=\"panel-grid-cell\" ><\/div><\/div><\/div>\n\n\n<p>V podjetju Politrim smo specializirani tudi za izdelavo visokokakovostnih izdelkov in polizdelkov iz razli\u010dnih vrst poliuretanov (PU), ki se razlikujejo po trdoti in drugih mehanskih lastnostih. Na\u0161a strokovna ekipa je za vsako aplikacijo razvila edinstvene tehni\u010dne re\u0161itve. Nudimo tudi nanos poliuretana na kovinske osnove ter zalivanje kovinskih konstrukcij in elementov s poliuretanom, kar zagotavlja dodatno vzdr\u017eljivost in za\u0161\u010dito.<\/p>\n\n\n\n<p>Na\u0161i poliuretanski izdelki so lahko izdelani v kompleksnih 3D oblikah, ki jih s tradicionalnimi postopki mehanske obdelave ni mogo\u010de dose\u010di. Na\u0161e napredne tehnologije omogo\u010dajo izdelavo natan\u010dnih in zahtevnih oblik. Za ta proces imamo natan\u010dno izdelan zvezek tehni\u010dnih zahtev, ki zajema vse korake od za\u010detnega 3D modela do kon\u010dnega izdelka.<\/p>\n\n\n\n<p>Ponosni smo na na\u0161o lastno konstrukcijo in izdelavo orodij, ki jih uporabljamo v celotnem procesu izdelave PU izdelkov. Na\u0161a inovativna pristopa nam omogo\u010data, da serije poliuretanskih izdelkov izdelujemo \u017ee od enega kosa naprej. To omogo\u010da na\u0161a dolgoletna lastna metodologija izdelovanja orodij in kalupov. Na ta na\u010din postane tehnologija poliuretana cenovno dostopna tudi za prototipno in malo-serijsko proizvodnjo. Seveda pa smo sposobni proizvajati tudi velike serije poliuretanskih izdelkov.<\/p>\n\n\n\n<p>\u010ce je potrebno, poliuretan obdelujemo s klasi\u010dnimi in CNC obdelovalnimi tehnologijami, kar zagotavlja izjemno natan\u010dnost in kakovost kon\u010dnih izdelkov.<\/p>\n\n\n\n<p>Na\u0161i poliuretanski izdelki so prisotni \u0161irom Evrope v \u0161tevilnih industrijskih panogah, kjer se cenijo zaradi svoje vzdr\u017eljivosti, prilagodljivosti in visoke kakovosti.<\/p>\n\n\n\n<p>Poleg poliuretanov izdelujemo tudi visokokakovostne izdelke iz silikona in epoksidnih smol (laminiranje). Na\u0161a ponudba vklju\u010duje tudi gumiranje valjev in proizvodnjo drugih gumiranih izdelkov, ki zagotavljajo dolgo \u017eivljenjsko dobo in visoko u\u010dinkovitost v razli\u010dnih industrijskih aplikacijah.<\/p>\n\n\n\n<p>Na\u0161e podjetje Politrim je zanesljiv partner za vse va\u0161e potrebe po poliuretanskih, silikonskih in epoksidnih izdelkih. Z dolgoletnimi izku\u0161njami, naprednimi tehnologijami in predanostjo kakovosti zagotavljamo re\u0161itve, ki presegajo pri\u010dakovanja na\u0161ih strank. Stopite v stik z nami in izkusite prednosti vrhunskih materialov in strokovne izdelave, ki jih ponujamo.<\/p>\n\n\n\n<div class=\"wp-block-columns is-layout-flex wp-container-core-columns-is-layout-9d6595d7 wp-block-columns-is-layout-flex\">\n<div class=\"wp-block-column is-layout-flow wp-block-column-is-layout-flow\" style=\"flex-basis:100%\">\n<figure class=\"wp-block-image size-full is-resized\"><a href=\"https:\/\/tehnicna-plastika.com\/wp-content\/uploads\/2023\/04\/PUR-plastika-tehnicna-plastika-politrim-1.jpg\"><img loading=\"lazy\" decoding=\"async\" width=\"650\" height=\"546\" src=\"https:\/\/tehnicna-plastika.com\/wp-content\/uploads\/2023\/04\/PUR-plastika-tehnicna-plastika-politrim-1.jpg\" alt=\"\" class=\"wp-image-709\" style=\"width:256px;height:244px\" srcset=\"https:\/\/tehnicna-plastika.com\/wp-content\/uploads\/2023\/04\/PUR-plastika-tehnicna-plastika-politrim-1.jpg 650w, https:\/\/tehnicna-plastika.com\/wp-content\/uploads\/2023\/04\/PUR-plastika-tehnicna-plastika-politrim-1-300x252.jpg 300w\" sizes=\"auto, (max-width: 650px) 100vw, 650px\" \/><\/a><\/figure>\n\n\n\n<p>Nanos poliuretanov na razli\u010dna kovinska kolesa \/ dinami\u010dne obremenitve<\/p>\n\n\n\n<figure class=\"wp-block-image size-large is-resized\"><a href=\"https:\/\/tehnicna-plastika.com\/wp-content\/uploads\/2023\/04\/poliuretan-podloge-scaled.jpg\"><img loading=\"lazy\" decoding=\"async\" width=\"1024\" height=\"977\" src=\"https:\/\/tehnicna-plastika.com\/wp-content\/uploads\/2023\/04\/poliuretan-podloge-1024x977.jpg\" alt=\"\" class=\"wp-image-669\" style=\"width:256px;height:244px\" srcset=\"https:\/\/tehnicna-plastika.com\/wp-content\/uploads\/2023\/04\/poliuretan-podloge-1024x977.jpg 1024w, https:\/\/tehnicna-plastika.com\/wp-content\/uploads\/2023\/04\/poliuretan-podloge-300x286.jpg 300w, https:\/\/tehnicna-plastika.com\/wp-content\/uploads\/2023\/04\/poliuretan-podloge-768x733.jpg 768w, https:\/\/tehnicna-plastika.com\/wp-content\/uploads\/2023\/04\/poliuretan-podloge-1536x1466.jpg 1536w, https:\/\/tehnicna-plastika.com\/wp-content\/uploads\/2023\/04\/poliuretan-podloge-2048x1954.jpg 2048w\" sizes=\"auto, (max-width: 1024px) 100vw, 1024px\" \/><\/a><\/figure>\n\n\n\n<p>PU konzole z luknjami za vija\u010denje <\/p>\n<\/div>\n<\/div>\n\n\n\n<div class=\"wp-block-columns is-layout-flex wp-container-core-columns-is-layout-9d6595d7 wp-block-columns-is-layout-flex\">\n<div class=\"wp-block-column is-vertically-aligned-bottom is-layout-flow wp-block-column-is-layout-flow\" style=\"flex-basis:100%\">\n<div class=\"wp-block-group\"><div class=\"wp-block-group__inner-container is-layout-constrained wp-block-group-is-layout-constrained\">\n<figure class=\"wp-block-image size-large is-resized\"><a href=\"https:\/\/tehnicna-plastika.com\/wp-content\/uploads\/2023\/04\/Skype_Picture_2022_12_20T10_05_44_543Z-1-scaled.jpeg\"><img loading=\"lazy\" decoding=\"async\" width=\"768\" height=\"1024\" src=\"https:\/\/tehnicna-plastika.com\/wp-content\/uploads\/2023\/04\/Skype_Picture_2022_12_20T10_05_44_543Z-1-768x1024.jpeg\" alt=\"\" class=\"wp-image-670\" style=\"width:256px;height:244px\" srcset=\"https:\/\/tehnicna-plastika.com\/wp-content\/uploads\/2023\/04\/Skype_Picture_2022_12_20T10_05_44_543Z-1-768x1024.jpeg 768w, https:\/\/tehnicna-plastika.com\/wp-content\/uploads\/2023\/04\/Skype_Picture_2022_12_20T10_05_44_543Z-1-225x300.jpeg 225w, https:\/\/tehnicna-plastika.com\/wp-content\/uploads\/2023\/04\/Skype_Picture_2022_12_20T10_05_44_543Z-1-1152x1536.jpeg 1152w, https:\/\/tehnicna-plastika.com\/wp-content\/uploads\/2023\/04\/Skype_Picture_2022_12_20T10_05_44_543Z-1-1536x2048.jpeg 1536w, https:\/\/tehnicna-plastika.com\/wp-content\/uploads\/2023\/04\/Skype_Picture_2022_12_20T10_05_44_543Z-1-300x400.jpeg 300w, https:\/\/tehnicna-plastika.com\/wp-content\/uploads\/2023\/04\/Skype_Picture_2022_12_20T10_05_44_543Z-1-scaled.jpeg 1920w\" sizes=\"auto, (max-width: 768px) 100vw, 768px\" \/><\/a><\/figure>\n\n\n\n<p>Nanos gume na ALU kolo \/ dinami\u010dne obremenitve<\/p>\n<\/div><\/div>\n<\/div>\n<\/div>\n\n\n\n<figure class=\"wp-block-image size-large is-resized\"><a href=\"https:\/\/tehnicna-plastika.com\/wp-content\/uploads\/2023\/04\/poliuretan-izdelki.jpg\"><img loading=\"lazy\" decoding=\"async\" width=\"1016\" height=\"1024\" src=\"https:\/\/tehnicna-plastika.com\/wp-content\/uploads\/2023\/04\/poliuretan-izdelki-1016x1024.jpg\" alt=\"\" class=\"wp-image-676\" style=\"width:256px;height:244px\" srcset=\"https:\/\/tehnicna-plastika.com\/wp-content\/uploads\/2023\/04\/poliuretan-izdelki-1016x1024.jpg 1016w, https:\/\/tehnicna-plastika.com\/wp-content\/uploads\/2023\/04\/poliuretan-izdelki-298x300.jpg 298w, https:\/\/tehnicna-plastika.com\/wp-content\/uploads\/2023\/04\/poliuretan-izdelki-150x150.jpg 150w, https:\/\/tehnicna-plastika.com\/wp-content\/uploads\/2023\/04\/poliuretan-izdelki-768x774.jpg 768w, https:\/\/tehnicna-plastika.com\/wp-content\/uploads\/2023\/04\/poliuretan-izdelki-1525x1536.jpg 1525w, https:\/\/tehnicna-plastika.com\/wp-content\/uploads\/2023\/04\/poliuretan-izdelki-2033x2048.jpg 2033w, https:\/\/tehnicna-plastika.com\/wp-content\/uploads\/2023\/04\/poliuretan-izdelki-300x302.jpg 300w\" sizes=\"auto, (max-width: 1016px) 100vw, 1016px\" \/><\/a><\/figure>\n\n\n\n<p>Podporne konzole iz PU 90 ShA za avtomobilsko tovarno<\/p>\n\n\n\n<figure class=\"wp-block-image size-large is-resized is-style-default\" id=\"Poliuretan-nosilci-90-ShA\"><a href=\"https:\/\/tehnicna-plastika.com\/wp-content\/uploads\/2023\/04\/pu-podporniki.jpg\"><img loading=\"lazy\" decoding=\"async\" width=\"1024\" height=\"565\" src=\"https:\/\/tehnicna-plastika.com\/wp-content\/uploads\/2023\/04\/pu-podporniki-1024x565.jpg\" alt=\"Poliuretan nosilci 90 ShA\" class=\"wp-image-686\" style=\"width:256px;height:244px\" title=\"Poliuretan nosilci 90 ShA\" srcset=\"https:\/\/tehnicna-plastika.com\/wp-content\/uploads\/2023\/04\/pu-podporniki-1024x565.jpg 1024w, https:\/\/tehnicna-plastika.com\/wp-content\/uploads\/2023\/04\/pu-podporniki-300x165.jpg 300w, https:\/\/tehnicna-plastika.com\/wp-content\/uploads\/2023\/04\/pu-podporniki-768x424.jpg 768w, https:\/\/tehnicna-plastika.com\/wp-content\/uploads\/2023\/04\/pu-podporniki.jpg 1137w\" sizes=\"auto, (max-width: 1024px) 100vw, 1024px\" \/><\/a><\/figure>\n\n\n\n<p>Nosilci z luknjami PU 80 ShA<\/p>\n\n\n\n<figure class=\"wp-block-image size-full is-resized\"><a href=\"https:\/\/tehnicna-plastika.com\/wp-content\/uploads\/2023\/04\/nanos-na-kovino.jpg\"><img loading=\"lazy\" decoding=\"async\" width=\"558\" height=\"475\" src=\"https:\/\/tehnicna-plastika.com\/wp-content\/uploads\/2023\/04\/nanos-na-kovino.jpg\" alt=\"\" class=\"wp-image-689\" style=\"width:256px;height:244px\" srcset=\"https:\/\/tehnicna-plastika.com\/wp-content\/uploads\/2023\/04\/nanos-na-kovino.jpg 558w, https:\/\/tehnicna-plastika.com\/wp-content\/uploads\/2023\/04\/nanos-na-kovino-300x255.jpg 300w\" sizes=\"auto, (max-width: 558px) 100vw, 558px\" \/><\/a><\/figure>\n\n\n\n<p>Nanos gume 60 ShA na kovinski obro\u010d <\/p>\n\n\n\n<figure class=\"wp-block-image size-large is-resized\"><a href=\"https:\/\/tehnicna-plastika.com\/wp-content\/uploads\/2023\/04\/20190417_123530-scaled.jpg\"><img loading=\"lazy\" decoding=\"async\" width=\"1024\" height=\"498\" src=\"https:\/\/tehnicna-plastika.com\/wp-content\/uploads\/2023\/04\/20190417_123530-1024x498.jpg\" alt=\"\" class=\"wp-image-693\" style=\"width:256px;height:244px\" srcset=\"https:\/\/tehnicna-plastika.com\/wp-content\/uploads\/2023\/04\/20190417_123530-1024x498.jpg 1024w, https:\/\/tehnicna-plastika.com\/wp-content\/uploads\/2023\/04\/20190417_123530-300x146.jpg 300w, https:\/\/tehnicna-plastika.com\/wp-content\/uploads\/2023\/04\/20190417_123530-768x373.jpg 768w, https:\/\/tehnicna-plastika.com\/wp-content\/uploads\/2023\/04\/20190417_123530-1536x747.jpg 1536w, https:\/\/tehnicna-plastika.com\/wp-content\/uploads\/2023\/04\/20190417_123530-2048x996.jpg 2048w\" sizes=\"auto, (max-width: 1024px) 100vw, 1024px\" \/><\/a><\/figure>\n\n\n\n<p>3d CNC mehansko obdelani poliuretan izdelki 95 Shore A<\/p>\n\n\n\n<figure class=\"wp-block-image size-large is-resized\"><a href=\"https:\/\/tehnicna-plastika.com\/wp-content\/uploads\/2023\/04\/20180126_124158-scaled.jpg\"><img loading=\"lazy\" decoding=\"async\" width=\"1024\" height=\"768\" src=\"https:\/\/tehnicna-plastika.com\/wp-content\/uploads\/2023\/04\/20180126_124158-1024x768.jpg\" alt=\"\" class=\"wp-image-697\" style=\"width:256px;height:244px\" srcset=\"https:\/\/tehnicna-plastika.com\/wp-content\/uploads\/2023\/04\/20180126_124158-1024x768.jpg 1024w, https:\/\/tehnicna-plastika.com\/wp-content\/uploads\/2023\/04\/20180126_124158-300x225.jpg 300w, https:\/\/tehnicna-plastika.com\/wp-content\/uploads\/2023\/04\/20180126_124158-768x576.jpg 768w, https:\/\/tehnicna-plastika.com\/wp-content\/uploads\/2023\/04\/20180126_124158-1536x1152.jpg 1536w, https:\/\/tehnicna-plastika.com\/wp-content\/uploads\/2023\/04\/20180126_124158-2048x1536.jpg 2048w\" sizes=\"auto, (max-width: 1024px) 100vw, 1024px\" \/><\/a><\/figure>\n\n\n\n<p>Nalitje poliuretana na kovinsko osnovo (osovina)<\/p>\n","protected":false},"excerpt":{"rendered":"<p>V podjetju Politrim smo specializirani tudi za izdelavo visokokakovostnih izdelkov in polizdelkov iz razli\u010dnih vrst poliuretanov (PU), ki se razlikujejo po trdoti in drugih mehanskih lastnostih. Na\u0161a strokovna ekipa je za vsako aplikacijo razvila edinstvene tehni\u010dne re\u0161itve. Nudimo tudi nanos poliuretana na kovinske osnove ter zalivanje kovinskih konstrukcij in elementov s poliuretanom, kar zagotavlja dodatno <a class=\"moretag\" href=\"https:\/\/tehnicna-plastika.com\/index.php\/poliuretan\/\">Read More &#8230;<\/a><\/p>\n","protected":false},"author":1,"featured_media":0,"parent":0,"menu_order":0,"comment_status":"closed","ping_status":"closed","template":"","meta":{"footnotes":""},"class_list":["post-649","page","type-page","status-publish","hentry"],"_links":{"self":[{"href":"https:\/\/tehnicna-plastika.com\/index.php\/wp-json\/wp\/v2\/pages\/649","targetHints":{"allow":["GET"]}}],"collection":[{"href":"https:\/\/tehnicna-plastika.com\/index.php\/wp-json\/wp\/v2\/pages"}],"about":[{"href":"https:\/\/tehnicna-plastika.com\/index.php\/wp-json\/wp\/v2\/types\/page"}],"author":[{"embeddable":true,"href":"https:\/\/tehnicna-plastika.com\/index.php\/wp-json\/wp\/v2\/users\/1"}],"replies":[{"embeddable":true,"href":"https:\/\/tehnicna-plastika.com\/index.php\/wp-json\/wp\/v2\/comments?post=649"}],"version-history":[{"count":42,"href":"https:\/\/tehnicna-plastika.com\/index.php\/wp-json\/wp\/v2\/pages\/649\/revisions"}],"predecessor-version":[{"id":740,"href":"https:\/\/tehnicna-plastika.com\/index.php\/wp-json\/wp\/v2\/pages\/649\/revisions\/740"}],"wp:attachment":[{"href":"https:\/\/tehnicna-plastika.com\/index.php\/wp-json\/wp\/v2\/media?parent=649"}],"curies":[{"name":"wp","href":"https:\/\/api.w.org\/{rel}","templated":true}]}}